{"id":9533,"date":"2022-04-21T13:26:10","date_gmt":"2022-04-21T13:26:10","guid":{"rendered":"http:\/\/www.relissdansa.com\/personalizar-cookies\/"},"modified":"2022-05-11T21:50:59","modified_gmt":"2022-05-11T21:50:59","slug":"normativa","status":"publish","type":"page","link":"https:\/\/www.relissdansa.com\/ca\/normativa\/","title":{"rendered":"Normativa"},"content":{"rendered":"<div class=\"wpb-content-wrapper\"><div class=\"vc_row wpb_row vc_row-fluid\"><div class=\"wpb_column vc_column_container vc_col-sm-12\"><div class=\"vc_column-inner\"><div class=\"wpb_wrapper\">\r\n\t<div class=\"wpb_text_column wpb_content_element\" >\r\n\t\t<div class=\"wpb_wrapper\">\r\n\t\t\t<h5><b>NORMATIVA RELISS DANSA<\/b><\/h5>\n<ul>\n<li style=\"font-weight: 400;\" aria-level=\"1\"><span style=\"font-weight: 400;\">\u00c9s OBLIGATORI utilitzar el cal\u00e7at adequat i exclusiu per a les classes dintre de la sala per motius d\u2019higiene i seguretat.<\/span><\/li>\n<\/ul>\n<ul>\n<li style=\"font-weight: 400;\" aria-level=\"1\"><span style=\"font-weight: 400;\">\u00c9s obligatori utilitzar la vestimenta adequada per a la realitzaci\u00f3 de l\u2019activitat o classe pertinent.<\/span><\/li>\n<\/ul>\n<ul>\n<li style=\"font-weight: 400;\" aria-level=\"1\"><span style=\"font-weight: 400;\">La direcci\u00f3 de Reliss Dansa No es fa responsable dels objectes perduts dins de l\u2019escola.<\/span><\/li>\n<\/ul>\n<ul>\n<li style=\"font-weight: 400;\" aria-level=\"1\"><span style=\"font-weight: 400;\">Est\u00e0 totalment prohibit fumar a tota la instal\u00b7laci\u00f3.<\/span><\/li>\n<\/ul>\n<ul>\n<li style=\"font-weight: 400;\" aria-level=\"1\"><span style=\"font-weight: 400;\">Est\u00e0 totalment prohibit menjar a qualsevol lloc de l\u2019escola que no sigui la zona habilitada per menjar.<\/span><\/li>\n<\/ul>\n<ul>\n<li style=\"font-weight: 400;\" aria-level=\"1\"><span style=\"font-weight: 400;\">Els pares, mares o tutors son responsables dels seus fills i filles en el mateix moment en que aquests acaben la seva activitat a l\u2019escola.<\/span><\/li>\n<\/ul>\n<ul>\n<li style=\"font-weight: 400;\" aria-level=\"1\"><span style=\"font-weight: 400;\">ELS PARES I MARES NO PODRAN ROMANDRE  a les instal\u00b7lacions o a la classe per tal de garantir el funcionament \u00f2ptim de la classe. Nom\u00e9s els pares i mares de les classes de Dansa creativa, i durant els seus primers dies, podran entrar a la classe.<\/span><\/li>\n<\/ul>\n<ul>\n<li style=\"font-weight: 400;\" aria-level=\"1\"><span style=\"font-weight: 400;\">\u00c9s totalment obligatori per a tot l\u2019alumnat i els acompanyants fer un bon \u00fas de les instal\u00b7lacions, respectar i tenir un comportament c\u00edvic. Al primer incompliment, la direcci\u00f3 podr\u00e0 expulsar autom\u00e0ticament a aquella persona si ho creu convenient. Volem que sigui la teva casa. Si us plau, tracta-la com si ho fos!<\/span><\/li>\n<\/ul>\n<ul>\n<li style=\"font-weight: 400;\" aria-level=\"1\"><span style=\"font-weight: 400;\">Reliss Dansa no es fa responsable de cap menor si no assisteix a les classes o surt de l\u2019escola sense autoritzaci\u00f3 dels pares, mares o tutors.<\/span><\/li>\n<\/ul>\n<ul>\n<li style=\"font-weight: 400;\" aria-level=\"1\"><span style=\"font-weight: 400;\">Reliss Dansa es reserva el dret d\u2019admissi\u00f3.<\/span><\/li>\n<\/ul>\n<ul>\n<li style=\"font-weight: 400;\" aria-level=\"1\"><span style=\"font-weight: 400;\">Reliss Dansa se reserva el dret d'anul\u00b7lar o apla\u00e7ar una classe de manera excepcional per causes alienes al centre. Tamb\u00e9, es reserva el dret de substituir al professorat en cas d\u2019abs\u00e8ncia d\u2019aquest de manera puntual.<\/span><\/li>\n<\/ul>\n<ul>\n<li style=\"font-weight: 400;\" aria-level=\"1\"><span style=\"font-weight: 400;\">Els pagament es realitzaran de l\u20191 al 10 de cada mes mitjan\u00e7ant la domiciliaci\u00f3 bancaria o TPV. La direcci\u00f3 es veur\u00e0 obligada a suspendre les activitats de tot aquell que no hagi realitzat el pagament durant aquest per\u00edode.<\/span><\/li>\n<\/ul>\n<ul>\n<li style=\"font-weight: 400;\" aria-level=\"1\"><span style=\"font-weight: 400;\">Los rebuts retornats seran cobrats amb un increment per les despeses ocasionades a l\u2019entitat banc\u00e0ria.<\/span><\/li>\n<\/ul>\n<ul>\n<li style=\"font-weight: 400;\" aria-level=\"1\"><span style=\"font-weight: 400;\">La matr\u00edcula se pagar\u00e1 en el momento de la inscripci\u00f3n.<\/span><\/li>\n<\/ul>\n<ul>\n<li style=\"font-weight: 400;\" aria-level=\"1\"><span style=\"font-weight: 400;\">Si un alumne ha d\u2019absentar-se durant un o varis mesos, abonar\u00e0 15\u20ac de manteniment per cada mes que estigui absent per tal de mantenir la seva pla\u00e7a, sempre que hagi avisat amb antelaci\u00f3.<\/span><\/li>\n<\/ul>\n<ul>\n<li style=\"font-weight: 400;\" aria-level=\"1\"><span style=\"font-weight: 400;\">L\u2019alumnat que no assisteixi a les classes en un per\u00edode d\u2019un mes sense previ av\u00eds, perdr\u00e0 autom\u00e0ticament la vig\u00e8ncia de la matr\u00edcula corresponent.<\/span><\/li>\n<\/ul>\n<ul>\n<li style=\"font-weight: 400;\" aria-level=\"1\"><span style=\"font-weight: 400;\">Al finalitzar el curs, tots els socis pagaran una quota de manteniment de 15\u20ac per no perdre la validesa de la matricula i mantenir la pla\u00e7a a l\u2019escola.<\/span><\/li>\n<\/ul>\n<ul>\n<li style=\"font-weight: 400;\" aria-level=\"1\"><span style=\"font-weight: 400;\">Donat que es realitzar\u00e0 un festival de final de curs, i entenent que assistir\u00e0 tot l\u2019alumnat, si no s\u2019est\u00e0 d\u2019acord en la participaci\u00f3 del festiva i, per conseg\u00fcent, en la compra del vestuari, l\u2019alumnat est\u00e0 OBLIGAT a notificar-ho a l\u2019escola amb un m\u00ednim de 2 mesos d\u2019antelaci\u00f3 abans de l\u2019esdeveniment.<\/span><\/li>\n<\/ul>\n<ul>\n<li style=\"font-weight: 400;\" aria-level=\"1\"><span style=\"font-weight: 400;\">L\u2019alumnat que vulgui realitzar algun canvi, ja sigui del seu horari, la quantitat de les classes, abs\u00e8ncia o baixa definitiva, etc., haur\u00e0 d'informar a l\u2019escola abans del dia 25 del mes anterior  (es pot realitzar per tel\u00e8fon o per correu electr\u00f2nic). NO ES RETORNAR\u00c0 LA MENSULAITAT ni es podr\u00e0 anul\u00b7lar el pagament si est\u00e0 fora de la data marcada.<\/span><\/li>\n<\/ul>\n<ul>\n<li style=\"font-weight: 400;\" aria-level=\"1\"><span style=\"font-weight: 400;\">Reliss Dansa es reserva el dret d'anul\u00b7lar un grup o una activitat si hi ha menys persones inscrites del m\u00ednim establert. De la mateixa manera, es podran re emprendre  les classes o obrir grups o classes noves durant el curs sempre i quan s\u2019arribi a aquest m\u00ednim de persones per classe.<\/span><\/li>\n<\/ul>\n<ul>\n<li style=\"font-weight: 400;\" aria-level=\"1\"><span style=\"font-weight: 400;\">L\u2019alumnat (o si \u00e9s menor d\u2019edat el pare\/mare o tutor\/a legal) haur\u00e0 de signar l\u2019autoritzaci\u00f3 pertinent a l\u2019activitat com als drets d\u2019imatge si vol apar\u00e8ixer a les diverses plataformes, p\u00e0gina web de l\u2019escola, fotos, v\u00eddeos, publicitat, etc. Del contrari, no podr\u00e0 apar\u00e8ixer a les imatges d\u2019aquesta.<\/span><\/li>\n<\/ul>\n<ul>\n<li style=\"font-weight: 400;\" aria-level=\"1\"><span style=\"font-weight: 400;\">L\u2019acceptaci\u00f3 de les normes concerneix a tot el per\u00edode de temps en el qual l\u2019alumnat estigui donat d\u2019alta i es renova autom\u00e0ticament amb la matricula.<\/span><\/li>\n<\/ul>\n\r\n\t\t<\/div>\r\n\t<\/div>\r\n<\/div><\/div><\/div><\/div>\n<\/div>","protected":false},"excerpt":{"rendered":"NORMATIVA RELISS DANSA Es OBLIGATORIO utilizar el calzado adecuado y exclusivo para las clases dentro de la sala por motivos de higiene y seguridad. Es obligatorio utilizar la vestimenta adecuada [...]","protected":false},"author":1,"featured_media":0,"parent":0,"menu_order":0,"comment_status":"closed","ping_status":"closed","template":"","meta":{"_EventAllDay":false,"_EventTimezone":"","_EventStartDate":"","_EventEndDate":"","_EventStartDateUTC":"","_EventEndDateUTC":"","_EventShowMap":false,"_EventShowMapLink":false,"_EventURL":"","_EventCost":"","_EventCostDescription":"","_EventCurrencySymbol":"","_EventCurrencyCode":"","_EventCurrencyPosition":"","_EventDateTimeSeparator":"","_EventTimeRangeSeparator":"","_EventOrganizerID":[],"_EventVenueID":[],"_OrganizerEmail":"","_OrganizerPhone":"","_OrganizerWebsite":"","_VenueAddress":"","_VenueCity":"","_VenueCountry":"","_VenueProvince":"","_VenueState":"","_VenueZip":"","_VenuePhone":"","_VenueURL":"","_VenueStateProvince":"","_VenueLat":"","_VenueLng":"","_VenueShowMap":false,"_VenueShowMapLink":false,"_joinchat":[],"footnotes":""},"class_list":["post-9533","page","type-page","status-publish","hentry"],"_links":{"self":[{"href":"https:\/\/www.relissdansa.com\/ca\/wp-json\/wp\/v2\/pages\/9533","targetHints":{"allow":["GET"]}}],"collection":[{"href":"https:\/\/www.relissdansa.com\/ca\/wp-json\/wp\/v2\/pages"}],"about":[{"href":"https:\/\/www.relissdansa.com\/ca\/wp-json\/wp\/v2\/types\/page"}],"author":[{"embeddable":true,"href":"https:\/\/www.relissdansa.com\/ca\/wp-json\/wp\/v2\/users\/1"}],"replies":[{"embeddable":true,"href":"https:\/\/www.relissdansa.com\/ca\/wp-json\/wp\/v2\/comments?post=9533"}],"version-history":[{"count":4,"href":"https:\/\/www.relissdansa.com\/ca\/wp-json\/wp\/v2\/pages\/9533\/revisions"}],"predecessor-version":[{"id":10330,"href":"https:\/\/www.relissdansa.com\/ca\/wp-json\/wp\/v2\/pages\/9533\/revisions\/10330"}],"wp:attachment":[{"href":"https:\/\/www.relissdansa.com\/ca\/wp-json\/wp\/v2\/media?parent=9533"}],"curies":[{"name":"wp","href":"https:\/\/api.w.org\/{rel}","templated":true}]}}